{"id":24172,"date":"2026-02-27T00:04:24","date_gmt":"2026-02-26T17:04:24","guid":{"rendered":"https:\/\/bridge-academy.vn\/?page_id=24172"},"modified":"2026-03-11T03:27:45","modified_gmt":"2026-03-10T20:27:45","slug":"refund-policy-v2","status":"publish","type":"page","link":"https:\/\/bridge-academy.vn\/en\/refund-policy-v2\/","title":{"rendered":"Refund Policy v2"},"content":{"rendered":"<div data-elementor-type=\"wp-page\" data-elementor-id=\"24172\" class=\"elementor elementor-24172\" data-elementor-settings=\"{&quot;element_pack_global_tooltip_width&quot;:{&quot;unit&quot;:&quot;px&quot;,&quot;size&quot;:&quot;&quot;,&quot;sizes&quot;:[]},&quot;element_pack_global_tooltip_width_widescreen&quot;:{&quot;unit&quot;:&quot;px&quot;,&quot;size&quot;:&quot;&quot;,&quot;sizes&quot;:[]},&quot;element_pack_global_tooltip_width_tablet&quot;:{&quot;unit&quot;:&quot;px&quot;,&quot;size&quot;:&quot;&quot;,&quot;sizes&quot;:[]},&quot;element_pack_global_tooltip_width_mobile&quot;:{&quot;unit&quot;:&quot;px&quot;,&quot;size&quot;:&quot;&quot;,&quot;sizes&quot;:[]},&quot;element_pack_global_tooltip_padding&quot;:{&quot;unit&quot;:&quot;px&quot;,&quot;top&quot;:&quot;&quot;,&quot;right&quot;:&quot;&quot;,&quot;bottom&quot;:&quot;&quot;,&quot;left&quot;:&quot;&quot;,&quot;isLinked&quot;:true},&quot;element_pack_global_tooltip_padding_widescreen&quot;:{&quot;unit&quot;:&quot;px&quot;,&quot;top&quot;:&quot;&quot;,&quot;right&quot;:&quot;&quot;,&quot;bottom&quot;:&quot;&quot;,&quot;left&quot;:&quot;&quot;,&quot;isLinked&quot;:true},&quot;element_pack_global_tooltip_padding_tablet&quot;:{&quot;unit&quot;:&quot;px&quot;,&quot;top&quot;:&quot;&quot;,&quot;right&quot;:&quot;&quot;,&quot;bottom&quot;:&quot;&quot;,&quot;left&quot;:&quot;&quot;,&quot;isLinked&quot;:true},&quot;element_pack_global_tooltip_padding_mobile&quot;:{&quot;unit&quot;:&quot;px&quot;,&quot;top&quot;:&quot;&quot;,&quot;right&quot;:&quot;&quot;,&quot;bottom&quot;:&quot;&quot;,&quot;left&quot;:&quot;&quot;,&quot;isLinked&quot;:true},&quot;element_pack_global_tooltip_border_radius&quot;:{&quot;unit&quot;:&quot;px&quot;,&quot;top&quot;:&quot;&quot;,&quot;right&quot;:&quot;&quot;,&quot;bottom&quot;:&quot;&quot;,&quot;left&quot;:&quot;&quot;,&quot;isLinked&quot;:true},&quot;element_pack_global_tooltip_border_radius_widescreen&quot;:{&quot;unit&quot;:&quot;px&quot;,&quot;top&quot;:&quot;&quot;,&quot;right&quot;:&quot;&quot;,&quot;bottom&quot;:&quot;&quot;,&quot;left&quot;:&quot;&quot;,&quot;isLinked&quot;:true},&quot;element_pack_global_tooltip_border_radius_tablet&quot;:{&quot;unit&quot;:&quot;px&quot;,&quot;top&quot;:&quot;&quot;,&quot;right&quot;:&quot;&quot;,&quot;bottom&quot;:&quot;&quot;,&quot;left&quot;:&quot;&quot;,&quot;isLinked&quot;:true},&quot;element_pack_global_tooltip_border_radius_mobile&quot;:{&quot;unit&quot;:&quot;px&quot;,&quot;top&quot;:&quot;&quot;,&quot;right&quot;:&quot;&quot;,&quot;bottom&quot;:&quot;&quot;,&quot;left&quot;:&quot;&quot;,&quot;isLinked&quot;:true}}\" data-elementor-post-type=\"page\">\n\t\t\t\t<div class=\"elementor-element elementor-element-53bf701 e-flex e-con-boxed e-con e-parent\" data-id=\"53bf701\" data-element_type=\"container\" data-e-type=\"container\" data-settings=\"{&quot;background_background&quot;:&quot;classic&quot;}\">\n\t\t\t\t\t<div class=\"e-con-inner\">\n\t\t<div class=\"elementor-element elementor-element-1b82a68 e-con-full e-flex e-con e-child\" data-id=\"1b82a68\" data-element_type=\"container\" data-e-type=\"container\">\n\t\t\t\t<div class=\"elementor-element elementor-element-05c3b39 elementor-widget elementor-widget-heading\" data-id=\"05c3b39\" data-element_type=\"widget\" data-e-type=\"widget\" data-widget_type=\"heading.default\">\n\t\t\t\t\t<h2 class=\"elementor-heading-title elementor-size-default\">Refund Policy<\/h2>\t\t\t\t<\/div>\n\t\t\t\t<\/div>\n\t\t\t\t\t<\/div>\n\t\t\t\t<\/div>\n\t\t<div class=\"elementor-element elementor-element-60d2931 e-flex e-con-boxed e-con e-parent\" data-id=\"60d2931\" data-element_type=\"container\" data-e-type=\"container\">\n\t\t\t\t\t<div class=\"e-con-inner\">\n\t\t\t\t<div class=\"elementor-element elementor-element-dcaa711 elementor-widget elementor-widget-heading\" data-id=\"dcaa711\" data-element_type=\"widget\" data-e-type=\"widget\" data-widget_type=\"heading.default\">\n\t\t\t\t\t<h2 class=\"elementor-heading-title elementor-size-default\">Refund Policy<\/h2>\t\t\t\t<\/div>\n\t\t\t\t<div class=\"elementor-element elementor-element-4c4a4c2 elementor-widget elementor-widget-text-editor\" data-id=\"4c4a4c2\" data-element_type=\"widget\" data-e-type=\"widget\" data-widget_type=\"text-editor.default\">\n\t\t\t\t\t\t\t\t\t<p data-start=\"1232\" data-end=\"1976\">At Psychologist Vietnam, we are committed to providing high quality psychology courses to support your personal and professional development. We believe in the quality of our services and always strive to provide the best learning experience for our students. However, we also understand that sometimes the service may not fully meet your expectations. To ensure customer satisfaction, we apply clear and fair refund policy. Once your refund request is approved, we will process the refund within 3\u20134 business days from the time of receipt of the request. Please allow time for the funds to be transferred same Vietnamese bank account that you used to make the initial payment.<\/p><p data-start=\"1978\" data-end=\"2284\">We strive to ensure that all students have a positive learning experience. If you have any questions or concerns regarding the course or refund conditions, please contact us. We are always ready to support you and wish you a happy learning journey at Psychologist Vietnam.<\/p>\t\t\t\t\t\t\t\t<\/div>\n\t\t\t\t<div class=\"elementor-element elementor-element-5252752 elementor-widget elementor-widget-heading\" data-id=\"5252752\" data-element_type=\"widget\" data-e-type=\"widget\" data-widget_type=\"heading.default\">\n\t\t\t\t\t<h2 class=\"elementor-heading-title elementor-size-default\">Refund Conditions:<\/h2>\t\t\t\t<\/div>\n\t\t\t\t<div class=\"elementor-element elementor-element-66fb4c8 elementor-widget elementor-widget-text-editor\" data-id=\"66fb4c8\" data-element_type=\"widget\" data-e-type=\"widget\" data-widget_type=\"text-editor.default\">\n\t\t\t\t\t\t\t\t\t<div class=\"flex flex-col text-sm pb-25\"><article class=\"text-token-text-primary w-full focus:outline-none [--shadow-height:45px] has-data-writing-block:pointer-events-none has-data-writing-block:-mt-(--shadow-height) has-data-writing-block:pt-(--shadow-height) [&amp;:has([data-writing-block])&gt;*]:pointer-events-auto scroll-mt-[calc(var(--header-height)+min(200px,max(70px,20svh)))]\" dir=\"auto\" tabindex=\"-1\" data-turn-id=\"edb56530-a886-4196-8788-aa09f7e429cd\" data-testid=\"conversation-turn-26\" data-scroll-anchor=\"true\" data-turn=\"assistant\"><div class=\"text-base my-auto mx-auto pb-10 [--thread-content-margin:--spacing(4)] @w-sm\/main:[--thread-content-margin:--spacing(6)] @w-lg\/main:[--thread-content-margin:--spacing(16)] px-(--thread-content-margin)\"><div class=\"[--thread-content-max-width:40rem] @w-lg\/main:[--thread-content-max-width:48rem] mx-auto max-w-(--thread-content-max-width) flex-1 group\/turn-messages focus-visible:outline-hidden relative flex w-full min-w-0 flex-col agent-turn\" tabindex=\"-1\"><div class=\"flex max-w-full flex-col grow\"><div class=\"min-h-8 text-message relative flex w-full flex-col items-end gap-2 text-start break-words whitespace-normal [.text-message+&amp;]:mt-1\" dir=\"auto\" data-message-author-role=\"assistant\" data-message-id=\"d91d4e9c-e14d-408a-950a-54a652e2ff9b\" data-message-model-slug=\"gpt-5-2\"><div class=\"flex w-full flex-col gap-1 empty:hidden first:pt-[1px]\"><div class=\"markdown prose dark:prose-invert w-full wrap-break-word dark markdown-new-styling\"><p data-start=\"116\" data-end=\"181\">Refund requests will only be accepted in the following cases:<\/p><h4 data-start=\"183\" data-end=\"217\"><strong data-start=\"183\" data-end=\"217\">1. Refund request period:<\/strong><\/h4><p data-start=\"219\" data-end=\"362\">\u2022 Students must submit refund requests within 48 hours of payment.<\/p><p data-start=\"219\" data-end=\"362\">\u2022 Requests submitted after this deadline will not be considered.<\/p><h4 data-start=\"364\" data-end=\"409\"><strong data-start=\"364\" data-end=\"409\">2. Refund conditions for each course:<\/strong><\/h4><p data-start=\"411\" data-end=\"641\">\u2022 Basic Psychology Course: Refunds are available if request is submitted before the start of Lesson 4.<\/p><p data-start=\"411\" data-end=\"641\">\u2022 Teaching Classes: Refunds are available if the request is submitted within 24 hours of attending the first lesson with the instructor.<\/p><h4 data-start=\"643\" data-end=\"672\"><strong data-start=\"643\" data-end=\"672\">3. Refund method:<\/strong><\/h4><p data-start=\"674\" data-end=\"971\">\u2022 Log into your account and fill in the form at the bottom of the page.<\/p><p data-start=\"674\" data-end=\"971\">\u2022 Refunds can only be transferred to Vietnamese bank accounts.<\/p><p data-start=\"674\" data-end=\"971\">\u2022 The account receiving the refund must be the account used to make the original payment.<\/p><p data-start=\"674\" data-end=\"971\">\u2022 User may be contacted\/called to confirm refund.<\/p><h4 data-start=\"973\" data-end=\"997\"><strong data-start=\"973\" data-end=\"997\">4. Refund amount:<\/strong><\/h4><p data-start=\"999\" data-end=\"1217\">\u2022 The refund amount is equivalent to the tuition fee originally paid.<\/p><p data-start=\"999\" data-end=\"1217\">\u2022 Offers or discount codes (if any) are included in the total initial tuition fee and will be refunded accordingly based on the actual value paid.<\/p><h4 data-start=\"1219\" data-end=\"1261\"><strong data-start=\"1219\" data-end=\"1261\">5. Inappropriate or aggressive behavior:<\/strong><\/h4><p data-start=\"1263\" data-end=\"1453\">\u2022 In the event of a student's aggressive behavior or violation of the code of conduct with the instructor, the student may be removed from the course. There are no refunds in these cases.<\/p><h4 data-start=\"1455\" data-end=\"1506\"><strong data-start=\"1455\" data-end=\"1506\">6. Minimum number of lessons to qualify for a refund:<\/strong><\/h4><p data-start=\"1508\" data-end=\"1641\">\u2022 Refunds are only applicable for courses of 3 sessions or more.<\/p><p data-start=\"1508\" data-end=\"1641\">\u2022 Courses with only 1 or 2 lessons will not be eligible for refund.<\/p><p data-start=\"1643\" data-end=\"1949\">We strive to ensure that all students have a positive learning experience. If you have any questions or concerns regarding the course or refund conditions, please contact us. We are always ready to support you and wish you a happy learning journey at Psychologist Vietnam.<\/p><h5 data-start=\"1951\" data-end=\"2001\"><strong data-start=\"1951\" data-end=\"2001\" data-is-last-node=\"\">Thank you for trusting and choosing us!<\/strong><\/h5><\/div><\/div><\/div><\/div><\/div><\/div><\/article><\/div>\t\t\t\t\t\t\t\t<\/div>\n\t\t\t\t\t<\/div>\n\t\t\t\t<\/div>\n\t\t<div class=\"elementor-element elementor-element-5987331 e-flex e-con-boxed e-con e-parent\" data-id=\"5987331\" data-element_type=\"container\" data-e-type=\"container\">\n\t\t\t\t\t<div class=\"e-con-inner\">\n\t\t\t\t<div class=\"elementor-element elementor-element-269545e elementor-widget elementor-widget-heading\" data-id=\"269545e\" data-element_type=\"widget\" data-e-type=\"widget\" data-widget_type=\"heading.default\">\n\t\t\t\t\t<h2 class=\"elementor-heading-title elementor-size-default\">Refund Information<\/h2>\t\t\t\t<\/div>\n\t\t\t\t<div class=\"elementor-element elementor-element-6bcb6a7 elementor-widget__width-initial elementor-widget elementor-widget-text-editor\" data-id=\"6bcb6a7\" data-element_type=\"widget\" data-e-type=\"widget\" data-widget_type=\"text-editor.default\">\n\t\t\t\t\t\t\t\t\t<div class=\"flex flex-col text-sm pb-25\"><article class=\"text-token-text-primary w-full focus:outline-none [--shadow-height:45px] has-data-writing-block:pointer-events-none has-data-writing-block:-mt-(--shadow-height) has-data-writing-block:pt-(--shadow-height) [&amp;:has([data-writing-block])&gt;*]:pointer-events-auto scroll-mt-[calc(var(--header-height)+min(200px,max(70px,20svh)))]\" dir=\"auto\" tabindex=\"-1\" data-turn-id=\"request-69a1db41-20c4-83a5-a144-f38d3bd4cf7d-1\" data-testid=\"conversation-turn-30\" data-scroll-anchor=\"true\" data-turn=\"assistant\"><div class=\"text-base my-auto mx-auto pb-10 [--thread-content-margin:--spacing(4)] @w-sm\/main:[--thread-content-margin:--spacing(6)] @w-lg\/main:[--thread-content-margin:--spacing(16)] px-(--thread-content-margin)\"><div class=\"[--thread-content-max-width:40rem] @w-lg\/main:[--thread-content-max-width:48rem] mx-auto max-w-(--thread-content-max-width) flex-1 group\/turn-messages focus-visible:outline-hidden relative flex w-full min-w-0 flex-col agent-turn\" tabindex=\"-1\"><div class=\"flex max-w-full flex-col grow\"><div class=\"min-h-8 text-message relative flex w-full flex-col items-end gap-2 text-start break-words whitespace-normal [.text-message+&amp;]:mt-1\" dir=\"auto\" data-message-author-role=\"assistant\" data-message-id=\"229b4109-8057-49d9-ad0c-0dcf8457209b\" data-message-model-slug=\"gpt-5-2\"><div class=\"flex w-full flex-col gap-1 empty:hidden first:pt-[1px]\"><div class=\"markdown prose dark:prose-invert w-full wrap-break-word dark markdown-new-styling\"><p data-start=\"266\" data-end=\"434\" data-is-last-node=\"\" data-is-only-node=\"\">We\u2019re here to help. Please fill out the form below, and our team will carefully review your request and get back to you shortly.<\/p><\/div><\/div><\/div><\/div><\/div><\/div><\/article><\/div>\t\t\t\t\t\t\t\t<\/div>\n\t\t<div class=\"elementor-element elementor-element-d7ac953 e-con-full e-flex e-con e-child\" data-id=\"d7ac953\" data-element_type=\"container\" data-e-type=\"container\" data-settings=\"{&quot;background_background&quot;:&quot;classic&quot;}\">\n\t\t\t\t<div class=\"elementor-element elementor-element-808c7c1 elementor-widget elementor-widget-heading\" data-id=\"808c7c1\" data-element_type=\"widget\" data-e-type=\"widget\" data-widget_type=\"heading.default\">\n\t\t\t\t\t<h2 class=\"elementor-heading-title elementor-size-default\">Refund Request Form<\/h2>\t\t\t\t<\/div>\n\t\t\t\t<div class=\"elementor-element elementor-element-2ce7a57 elementor-button-align-stretch elementor-widget elementor-widget-form\" data-id=\"2ce7a57\" data-element_type=\"widget\" data-e-type=\"widget\" data-settings=\"{&quot;step_next_label&quot;:&quot;Next&quot;,&quot;step_previous_label&quot;:&quot;Previous&quot;,&quot;button_width&quot;:&quot;100&quot;,&quot;step_type&quot;:&quot;number_text&quot;,&quot;step_icon_shape&quot;:&quot;circle&quot;}\" data-widget_type=\"form.default\">\n\t\t\t\t\t\t\t<form class=\"elementor-form\" method=\"post\" name=\"Refund Form\" aria-label=\"Refund Form\" action=\"\">\n\t\t\t<input type=\"hidden\" name=\"post_id\" value=\"24172\"\/>\n\t\t\t<input type=\"hidden\" name=\"form_id\" value=\"2ce7a57\"\/>\n\t\t\t<input type=\"hidden\" name=\"referer_title\" value=\"\" \/>\n\n\t\t\t\n\t\t\t<div class=\"elementor-form-fields-wrapper elementor-labels-above\">\n\t\t\t\t\t\t\t\t<div class=\"elementor-field-type-text elementor-field-group elementor-column elementor-field-group-name elementor-col-100 elementor-field-required elementor-mark-required\">\n\t\t\t\t\t\t\t\t\t\t\t\t<label for=\"form-field-name\" class=\"elementor-field-label\">\n\t\t\t\t\t\t\t\tAccount holder name\t\t\t\t\t\t\t<\/label>\n\t\t\t\t\t\t\t\t\t\t\t\t\t\t<input size=\"1\" type=\"text\" name=\"form_fields[name]\" id=\"form-field-name\" class=\"elementor-field elementor-size-md  elementor-field-textual\" placeholder=\"Account holder name\" required=\"required\">\n\t\t\t\t\t\t\t\t\t\t\t<\/div>\n\t\t\t\t\t\t\t\t<div class=\"elementor-field-type-text elementor-field-group elementor-column elementor-field-group-field_8f12e9e elementor-col-100 elementor-field-required elementor-mark-required\">\n\t\t\t\t\t\t\t\t\t\t\t\t<label for=\"form-field-field_8f12e9e\" class=\"elementor-field-label\">\n\t\t\t\t\t\t\t\tAccount number\t\t\t\t\t\t\t<\/label>\n\t\t\t\t\t\t\t\t\t\t\t\t\t\t<input size=\"1\" type=\"text\" name=\"form_fields[field_8f12e9e]\" id=\"form-field-field_8f12e9e\" class=\"elementor-field elementor-size-md  elementor-field-textual\" placeholder=\"Account number\" required=\"required\">\n\t\t\t\t\t\t\t\t\t\t\t<\/div>\n\t\t\t\t\t\t\t\t<div class=\"elementor-field-type-text elementor-field-group elementor-column elementor-field-group-field_5b800bc elementor-col-100 elementor-field-required elementor-mark-required\">\n\t\t\t\t\t\t\t\t\t\t\t\t<label for=\"form-field-field_5b800bc\" class=\"elementor-field-label\">\n\t\t\t\t\t\t\t\tBank name\t\t\t\t\t\t\t<\/label>\n\t\t\t\t\t\t\t\t\t\t\t\t\t\t<input size=\"1\" type=\"text\" name=\"form_fields[field_5b800bc]\" id=\"form-field-field_5b800bc\" class=\"elementor-field elementor-size-md  elementor-field-textual\" placeholder=\"Bank name\" required=\"required\">\n\t\t\t\t\t\t\t\t\t\t\t<\/div>\n\t\t\t\t\t\t\t\t<div class=\"elementor-field-type-email elementor-field-group elementor-column elementor-field-group-email elementor-col-100 elementor-field-required elementor-mark-required\">\n\t\t\t\t\t\t\t\t\t\t\t\t<label for=\"form-field-email\" class=\"elementor-field-label\">\n\t\t\t\t\t\t\t\tEnter your email\t\t\t\t\t\t\t<\/label>\n\t\t\t\t\t\t\t\t\t\t\t\t\t\t<input size=\"1\" type=\"email\" name=\"form_fields[email]\" id=\"form-field-email\" class=\"elementor-field elementor-size-md  elementor-field-textual\" placeholder=\"Enter your email\" required=\"required\">\n\t\t\t\t\t\t\t\t\t\t\t<\/div>\n\t\t\t\t\t\t\t\t<div class=\"elementor-field-type-tel elementor-field-group elementor-column elementor-field-group-field_afec45c elementor-col-100 elementor-field-required elementor-mark-required\">\n\t\t\t\t\t\t\t\t\t\t\t\t<label for=\"form-field-field_afec45c\" class=\"elementor-field-label\">\n\t\t\t\t\t\t\t\tPhone Number\t\t\t\t\t\t\t<\/label>\n\t\t\t\t\t\t\t\t<input size=\"1\" type=\"tel\" name=\"form_fields[field_afec45c]\" id=\"form-field-field_afec45c\" class=\"elementor-field elementor-size-md  elementor-field-textual\" placeholder=\"Phone Number\" required=\"required\" pattern=\"[0-9()#&amp;+*-=.]+\" title=\"Only numbers and phone characters (#, -, *, etc) are accepted.\">\n\n\t\t\t\t\t\t<\/div>\n\t\t\t\t\t\t\t\t<div class=\"elementor-field-type-select elementor-field-group elementor-column elementor-field-group-field_4a0bfe1 elementor-col-100 elementor-field-required elementor-mark-required\">\n\t\t\t\t\t\t\t\t\t\t\t\t<label for=\"form-field-field_4a0bfe1\" class=\"elementor-field-label\">\n\t\t\t\t\t\t\t\tCourse name\t\t\t\t\t\t\t<\/label>\n\t\t\t\t\t\t\t\t<div class=\"elementor-field elementor-select-wrapper remove-before\">\n\t\t\t<div class=\"select-caret-down-wrapper\">\n\t\t\t\t<svg aria-hidden=\"true\" class=\"e-font-icon-svg e-eicon-caret-down\" viewbox=\"0 0 571.4 571.4\" xmlns=\"http:\/\/www.w3.org\/2000\/svg\"><path d=\"M571 393Q571 407 561 418L311 668Q300 679 286 679T261 668L11 418Q0 407 0 393T11 368 36 357H536Q550 357 561 368T571 393Z\"><\/path><\/svg>\t\t\t<\/div>\n\t\t\t<select name=\"form_fields[field_4a0bfe1]\" id=\"form-field-field_4a0bfe1\" class=\"elementor-field-textual elementor-size-md\" required=\"required\">\n\t\t\t\t\t\t\t\t\t<option value=\"Vui l\u00f2ng ch\u1ecdn m\u1ed9t t\u00f9y ch\u1ecdn \u2014\">Vui l\u00f2ng ch\u1ecdn m\u1ed9t t\u00f9y ch\u1ecdn \u2014<\/option>\n\t\t\t\t\t\t\t\t\t<option value=\"\"><\/option>\n\t\t\t\t\t\t\t\t\t<option value=\"C\u00f4ng c\u1ee5 \u0111\u00e1nh gi\u00e1 d\u00e0nh cho Hu\u1ea5n luy\u1ec7n vi\u00ean Cu\u1ed9c s\u1ed1ng\">C\u00f4ng c\u1ee5 \u0111\u00e1nh gi\u00e1 d\u00e0nh cho Hu\u1ea5n luy\u1ec7n vi\u00ean Cu\u1ed9c s\u1ed1ng<\/option>\n\t\t\t\t\t\t\t\t\t<option value=\"\"><\/option>\n\t\t\t\t\t\t\t\t\t<option value=\"Ch\u01b0\u01a1ng tr\u00ecnh hu\u1ea5n luy\u1ec7n chuy\u00ean gia khai v\u1ea5n\">Ch\u01b0\u01a1ng tr\u00ecnh hu\u1ea5n luy\u1ec7n chuy\u00ean gia khai v\u1ea5n<\/option>\n\t\t\t\t\t\t\t\t\t<option value=\"\"><\/option>\n\t\t\t\t\t\t\t\t\t<option value=\"Nh\u1eefng ng\u01b0\u1eddi giao ti\u1ebfp t\u1ef1 tin\">Nh\u1eefng ng\u01b0\u1eddi giao ti\u1ebfp t\u1ef1 tin<\/option>\n\t\t\t\t\t\t\t\t\t<option value=\"\"><\/option>\n\t\t\t\t\t\t\t\t\t<option value=\"T\u1ef1 h\u1ecdc m\u1ed9t c\u00e1ch d\u1ec5 d\u00e0ng\">T\u1ef1 h\u1ecdc m\u1ed9t c\u00e1ch d\u1ec5 d\u00e0ng<\/option>\n\t\t\t\t\t\t\t\t\t<option value=\"\"><\/option>\n\t\t\t\t\t\t\t\t\t<option value=\"Hu\u1ea5n luy\u1ec7n vi\u00ean Cu\u1ed9c s\u1ed1ng cho Ng\u01b0\u1eddi Cao Tu\u1ed5i\">Hu\u1ea5n luy\u1ec7n vi\u00ean Cu\u1ed9c s\u1ed1ng cho Ng\u01b0\u1eddi Cao Tu\u1ed5i<\/option>\n\t\t\t\t\t\t\t\t\t<option value=\"\"><\/option>\n\t\t\t\t\t\t\t\t\t<option value=\"Hu\u1ea5n luy\u1ec7n vi\u00ean Gia \u0111\u00ecnh\">Hu\u1ea5n luy\u1ec7n vi\u00ean Gia \u0111\u00ecnh<\/option>\n\t\t\t\t\t\t\t\t\t<option value=\"\"><\/option>\n\t\t\t\t\t\t\t\t\t<option value=\"Hi\u1ec3u v\u1ec1 ADHD: H\u01b0\u1edbng d\u1eabn d\u00e0nh cho cha m\u1eb9\">Hi\u1ec3u v\u1ec1 ADHD: H\u01b0\u1edbng d\u1eabn d\u00e0nh cho cha m\u1eb9<\/option>\n\t\t\t\t\t\t\t\t\t<option value=\"\"><\/option>\n\t\t\t\t\t\t\t\t\t<option value=\"Hu\u1ea5n luy\u1ec7n vi\u00ean Cu\u1ed9c s\u1ed1ng cho Ng\u01b0\u1eddi Cao Tu\u1ed5i\">Hu\u1ea5n luy\u1ec7n vi\u00ean Cu\u1ed9c s\u1ed1ng cho Ng\u01b0\u1eddi Cao Tu\u1ed5i<\/option>\n\t\t\t\t\t\t\t\t\t<option value=\"\"><\/option>\n\t\t\t\t\t\t\t\t\t<option value=\"Hu\u1ea5n luy\u1ec7n vi\u00ean Cu\u1ed9c s\u1ed1ng \u0111\u01b0\u1ee3c ch\u1ee9ng nh\u1eadn\">Hu\u1ea5n luy\u1ec7n vi\u00ean Cu\u1ed9c s\u1ed1ng \u0111\u01b0\u1ee3c ch\u1ee9ng nh\u1eadn<\/option>\n\t\t\t\t\t\t\t\t\t<option value=\"\"><\/option>\n\t\t\t\t\t\t\t\t\t<option value=\"Kh\u00f3a h\u1ecdc c\u01a1 b\u1ea3n v\u1ec1 Life Coach \u2013 T\u00e2m l\u00fd h\u1ecdc t\u1ed5ng qu\u00e1t\">Kh\u00f3a h\u1ecdc c\u01a1 b\u1ea3n v\u1ec1 Life Coach \u2013 T\u00e2m l\u00fd h\u1ecdc t\u1ed5ng qu\u00e1t<\/option>\n\t\t\t\t\t\t\t\t\t<option value=\"\"><\/option>\n\t\t\t\t\t\t\t\t\t<option value=\"Hu\u1ea5n luy\u1ec7n vi\u00ean Cu\u1ed9c s\u1ed1ng\">Hu\u1ea5n luy\u1ec7n vi\u00ean Cu\u1ed9c s\u1ed1ng<\/option>\n\t\t\t\t\t\t\t\t\t<option value=\"\"><\/option>\n\t\t\t\t\t\t\t\t\t<option value=\"Kh\u00f3a h\u1ecdc n\u1ec1n t\u1ea3ng Life Coach \u2013 T\u00e2m l\u00fd h\u1ecdc t\u1ed5ng qu\u00e1t\">Kh\u00f3a h\u1ecdc n\u1ec1n t\u1ea3ng Life Coach \u2013 T\u00e2m l\u00fd h\u1ecdc t\u1ed5ng qu\u00e1t<\/option>\n\t\t\t\t\t\t\t\t\t<option value=\"\"><\/option>\n\t\t\t\t\t\t\t\t\t<option value=\"Hu\u1ea5n luy\u1ec7n vi\u00ean Quan h\u1ec7 &amp; C\u1eb7p \u0111\u00f4i\">Hu\u1ea5n luy\u1ec7n vi\u00ean Quan h\u1ec7 &amp; C\u1eb7p \u0111\u00f4i<\/option>\n\t\t\t\t\t\t\t\t\t<option value=\"\"><\/option>\n\t\t\t\t\t\t\t\t\t<option value=\"T\u1ef1 h\u1ecdc m\u1ed9t c\u00e1ch d\u1ec5 d\u00e0ng\">T\u1ef1 h\u1ecdc m\u1ed9t c\u00e1ch d\u1ec5 d\u00e0ng<\/option>\n\t\t\t\t\t\t\t\t\t<option value=\"\"><\/option>\n\t\t\t\t\t\t\t\t\t<option value=\"Hi\u1ec3u v\u1ec1 ADHD: H\u01b0\u1edbng d\u1eabn d\u00e0nh cho cha m\u1eb9\">Hi\u1ec3u v\u1ec1 ADHD: H\u01b0\u1edbng d\u1eabn d\u00e0nh cho cha m\u1eb9<\/option>\n\t\t\t\t\t\t\t\t\t<option value=\"\"><\/option>\n\t\t\t\t\t\t\t\t\t<option value=\"Hi\u1ec3u v\u1ec1 ADHD: H\u01b0\u1edbng d\u1eabn d\u00e0nh cho cha m\u1eb9\">Hi\u1ec3u v\u1ec1 ADHD: H\u01b0\u1edbng d\u1eabn d\u00e0nh cho cha m\u1eb9<\/option>\n\t\t\t\t\t\t\t<\/select>\n\t\t<\/div>\n\t\t\t\t\t\t<\/div>\n\t\t\t\t\t\t\t\t<div class=\"elementor-field-type-textarea elementor-field-group elementor-column elementor-field-group-message elementor-col-100 elementor-field-required elementor-mark-required\">\n\t\t\t\t\t\t\t\t\t\t\t\t<label for=\"form-field-message\" class=\"elementor-field-label\">\n\t\t\t\t\t\t\t\tRefund reason\t\t\t\t\t\t\t<\/label>\n\t\t\t\t\t\t<textarea class=\"elementor-field-textual elementor-field  elementor-size-md\" name=\"form_fields[message]\" id=\"form-field-message\" rows=\"4\" placeholder=\"Please tell us the reason why you make this refund\" required=\"required\"><\/textarea>\t\t\t\t<\/div>\n\t\t\t\t\t\t\t\t<div class=\"elementor-field-group elementor-column elementor-field-type-submit elementor-col-100 e-form__buttons\">\n\t\t\t\t\t<button class=\"elementor-button elementor-size-md\" type=\"submit\">\n\t\t\t\t\t\t<span class=\"elementor-button-content-wrapper\">\n\t\t\t\t\t\t\t\t\t\t\t\t\t\t\t<span class=\"elementor-button-icon\">\n\t\t\t\t\t\t\t\t\t<svg aria-hidden=\"true\" class=\"e-font-icon-svg e-fab-telegram-plane\" viewbox=\"0 0 448 512\" xmlns=\"http:\/\/www.w3.org\/2000\/svg\"><path d=\"M446.7 98.6l-67.6 318.8c-5.1 22.5-18.4 28.1-37.3 17.5l-103-75.9-49.7 47.8c-5.5 5.5-10.1 10.1-20.7 10.1l7.4-104.9 190.9-172.5c8.3-7.4-1.8-11.5-12.9-4.1L117.8 284 16.2 252.2c-22.1-6.9-22.5-22.1 4.6-32.7L418.2 66.4c18.4-6.9 34.5 4.1 28.5 32.2z\"><\/path><\/svg>\t\t\t\t\t\t\t\t\t\t\t\t\t\t\t\t\t<\/span>\n\t\t\t\t\t\t\t\t\t\t\t\t\t\t\t\t\t\t\t\t\t\t<span class=\"elementor-button-text\">Submit Refund Request<\/span>\n\t\t\t\t\t\t\t\t\t\t\t\t\t<\/span>\n\t\t\t\t\t<\/button>\n\t\t\t\t<\/div>\n\t\t\t<\/div>\n\t\t<input type=\"hidden\" name=\"trp-form-language\" value=\"en\"\/><\/form>\n\t\t\t\t\t\t<\/div>\n\t\t\t\t<\/div>\n\t\t\t\t\t<\/div>\n\t\t\t\t<\/div>\n\t\t\t\t<\/div>","protected":false},"excerpt":{"rendered":"<p>Ho\u00e0n Ti\u1ec1n Ch\u00ednh S\u00e1ch Ho\u00e0n Ti\u1ec1n T\u1ea1i Psychologist Vietnam, ch\u00fang t\u00f4i cam k\u1ebft cung c\u1ea5p c\u00e1c kh\u00f3a h\u1ecdc t\u00e2m l\u00fd ch\u1ea5t l\u01b0\u1ee3ng cao nh\u1eb1m h\u1ed7 tr\u1ee3 s\u1ef1 ph\u00e1t tri\u1ec3n c\u00e1 nh\u00e2n v\u00e0 ngh\u1ec1 nghi\u1ec7p c\u1ee7a b\u1ea1n. Ch\u00fang t\u00f4i tin t\u01b0\u1edfng v\u00e0o ch\u1ea5t l\u01b0\u1ee3ng d\u1ecbch v\u1ee5 c\u1ee7a m\u00ecnh v\u00e0 lu\u00f4n n\u1ed7 l\u1ef1c mang \u0111\u1ebfn tr\u1ea3i nghi\u1ec7m<a href=\"https:\/\/bridge-academy.vn\/en\/refund-policy-v2\/\" class=\"more-link\"><span class=\"screen-reader-text\">Refund Policy v2<\/span><\/a><\/p>","protected":false},"author":4560,"featured_media":0,"parent":0,"menu_order":0,"comment_status":"closed","ping_status":"closed","template":"elementor_header_footer","meta":{"footnotes":""},"class_list":["post-24172","page","type-page","status-publish","hentry"],"_links":{"self":[{"href":"https:\/\/bridge-academy.vn\/en\/wp-json\/wp\/v2\/pages\/24172","targetHints":{"allow":["GET"]}}],"collection":[{"href":"https:\/\/bridge-academy.vn\/en\/wp-json\/wp\/v2\/pages"}],"about":[{"href":"https:\/\/bridge-academy.vn\/en\/wp-json\/wp\/v2\/types\/page"}],"author":[{"embeddable":true,"href":"https:\/\/bridge-academy.vn\/en\/wp-json\/wp\/v2\/users\/4560"}],"replies":[{"embeddable":true,"href":"https:\/\/bridge-academy.vn\/en\/wp-json\/wp\/v2\/comments?post=24172"}],"version-history":[{"count":51,"href":"https:\/\/bridge-academy.vn\/en\/wp-json\/wp\/v2\/pages\/24172\/revisions"}],"predecessor-version":[{"id":25249,"href":"https:\/\/bridge-academy.vn\/en\/wp-json\/wp\/v2\/pages\/24172\/revisions\/25249"}],"wp:attachment":[{"href":"https:\/\/bridge-academy.vn\/en\/wp-json\/wp\/v2\/media?parent=24172"}],"curies":[{"name":"wp","href":"https:\/\/api.w.org\/{rel}","templated":true}]}}