{"id":17135,"date":"2025-04-16T15:54:51","date_gmt":"2025-04-16T08:54:51","guid":{"rendered":"https:\/\/bridge-academy.vn\/?page_id=17135"},"modified":"2025-11-17T09:33:42","modified_gmt":"2025-11-17T02:33:42","slug":"chinh-sach-hoan-tien","status":"publish","type":"page","link":"https:\/\/bridge-academy.vn\/vi\/chinh-sach-hoan-tien\/","title":{"rendered":"Refund Policy"},"content":{"rendered":"\t\t<div data-elementor-type=\"wp-page\" data-elementor-id=\"17135\" class=\"elementor elementor-17135\" data-elementor-settings=\"{&quot;element_pack_global_tooltip_width&quot;:{&quot;unit&quot;:&quot;px&quot;,&quot;size&quot;:&quot;&quot;,&quot;sizes&quot;:[]},&quot;element_pack_global_tooltip_width_widescreen&quot;:{&quot;unit&quot;:&quot;px&quot;,&quot;size&quot;:&quot;&quot;,&quot;sizes&quot;:[]},&quot;element_pack_global_tooltip_width_tablet&quot;:{&quot;unit&quot;:&quot;px&quot;,&quot;size&quot;:&quot;&quot;,&quot;sizes&quot;:[]},&quot;element_pack_global_tooltip_width_mobile&quot;:{&quot;unit&quot;:&quot;px&quot;,&quot;size&quot;:&quot;&quot;,&quot;sizes&quot;:[]},&quot;element_pack_global_tooltip_padding&quot;:{&quot;unit&quot;:&quot;px&quot;,&quot;top&quot;:&quot;&quot;,&quot;right&quot;:&quot;&quot;,&quot;bottom&quot;:&quot;&quot;,&quot;left&quot;:&quot;&quot;,&quot;isLinked&quot;:true},&quot;element_pack_global_tooltip_padding_widescreen&quot;:{&quot;unit&quot;:&quot;px&quot;,&quot;top&quot;:&quot;&quot;,&quot;right&quot;:&quot;&quot;,&quot;bottom&quot;:&quot;&quot;,&quot;left&quot;:&quot;&quot;,&quot;isLinked&quot;:true},&quot;element_pack_global_tooltip_padding_tablet&quot;:{&quot;unit&quot;:&quot;px&quot;,&quot;top&quot;:&quot;&quot;,&quot;right&quot;:&quot;&quot;,&quot;bottom&quot;:&quot;&quot;,&quot;left&quot;:&quot;&quot;,&quot;isLinked&quot;:true},&quot;element_pack_global_tooltip_padding_mobile&quot;:{&quot;unit&quot;:&quot;px&quot;,&quot;top&quot;:&quot;&quot;,&quot;right&quot;:&quot;&quot;,&quot;bottom&quot;:&quot;&quot;,&quot;left&quot;:&quot;&quot;,&quot;isLinked&quot;:true},&quot;element_pack_global_tooltip_border_radius&quot;:{&quot;unit&quot;:&quot;px&quot;,&quot;top&quot;:&quot;&quot;,&quot;right&quot;:&quot;&quot;,&quot;bottom&quot;:&quot;&quot;,&quot;left&quot;:&quot;&quot;,&quot;isLinked&quot;:true},&quot;element_pack_global_tooltip_border_radius_widescreen&quot;:{&quot;unit&quot;:&quot;px&quot;,&quot;top&quot;:&quot;&quot;,&quot;right&quot;:&quot;&quot;,&quot;bottom&quot;:&quot;&quot;,&quot;left&quot;:&quot;&quot;,&quot;isLinked&quot;:true},&quot;element_pack_global_tooltip_border_radius_tablet&quot;:{&quot;unit&quot;:&quot;px&quot;,&quot;top&quot;:&quot;&quot;,&quot;right&quot;:&quot;&quot;,&quot;bottom&quot;:&quot;&quot;,&quot;left&quot;:&quot;&quot;,&quot;isLinked&quot;:true},&quot;element_pack_global_tooltip_border_radius_mobile&quot;:{&quot;unit&quot;:&quot;px&quot;,&quot;top&quot;:&quot;&quot;,&quot;right&quot;:&quot;&quot;,&quot;bottom&quot;:&quot;&quot;,&quot;left&quot;:&quot;&quot;,&quot;isLinked&quot;:true}}\" data-elementor-post-type=\"page\">\n\t\t\t\t<div class=\"elementor-element elementor-element-7b6ccca e-flex e-con-boxed e-con e-parent\" data-id=\"7b6ccca\" data-element_type=\"container\" data-e-type=\"container\">\n\t\t\t\t\t<div class=\"e-con-inner\">\n\t\t\t\t<div class=\"elementor-element elementor-element-1b7e278 elementor-widget elementor-widget-heading\" data-id=\"1b7e278\" data-element_type=\"widget\" data-e-type=\"widget\" data-widget_type=\"heading.default\">\n\t\t\t\t\t<h2 class=\"elementor-heading-title elementor-size-default\">Ch\u00ednh s\u00e1ch ho\u00e0n ti\u1ec1n<\/h2>\t\t\t\t<\/div>\n\t\t<div class=\"elementor-element elementor-element-17aeded e-con-full e-flex e-con e-child\" data-id=\"17aeded\" data-element_type=\"container\" data-e-type=\"container\">\n\t\t\t\t<div class=\"elementor-element elementor-element-eaa86be elementor-widget elementor-widget-text-editor\" data-id=\"eaa86be\" data-element_type=\"widget\" data-e-type=\"widget\" data-widget_type=\"text-editor.default\">\n\t\t\t\t\t\t\t\t\t<p data-start=\"0\" data-end=\"477\">T\u1ea1i <strong data-start=\"4\" data-end=\"28\">Psychologist Vietnam<\/strong>, ch\u00fang t\u00f4i cam k\u1ebft cung c\u1ea5p c\u00e1c kh\u00f3a h\u1ecdc t\u00e2m l\u00fd ch\u1ea5t l\u01b0\u1ee3ng cao nh\u1eb1m h\u1ed7 tr\u1ee3 s\u1ef1 ph\u00e1t tri\u1ec3n c\u00e1 nh\u00e2n v\u00e0 ngh\u1ec1 nghi\u1ec7p c\u1ee7a b\u1ea1n. Ch\u00fang t\u00f4i tin t\u01b0\u1edfng v\u00e0o ch\u1ea5t l\u01b0\u1ee3ng d\u1ecbch v\u1ee5 c\u1ee7a m\u00ecnh v\u00e0 lu\u00f4n n\u1ed7 l\u1ef1c mang \u0111\u1ebfn tr\u1ea3i nghi\u1ec7m h\u1ecdc t\u1eadp t\u1ed1t nh\u1ea5t cho h\u1ecdc vi\u00ean. Tuy nhi\u00ean, ch\u00fang t\u00f4i c\u0169ng hi\u1ec3u r\u1eb1ng \u0111\u00f4i khi d\u1ecbch v\u1ee5 c\u00f3 th\u1ec3 kh\u00f4ng ho\u00e0n to\u00e0n \u0111\u00e1p \u1ee9ng \u0111\u01b0\u1ee3c k\u1ef3 v\u1ecdng c\u1ee7a b\u1ea1n. \u0110\u1ec3 \u0111\u1ea3m b\u1ea3o s\u1ef1 h\u00e0i l\u00f2ng c\u1ee7a kh\u00e1ch h\u00e0ng, ch\u00fang t\u00f4i \u00e1p d\u1ee5ng <strong data-start=\"431\" data-end=\"476\">ch\u00ednh s\u00e1ch ho\u00e0n ti\u1ec1n r\u00f5 r\u00e0ng v\u00e0 c\u00f4ng b\u1eb1ng<\/strong>. Khi y\u00eau c\u1ea7u ho\u00e0n ti\u1ec1n c\u1ee7a b\u1ea1n \u0111\u01b0\u1ee3c ch\u1ea5p thu\u1eadn, ch\u00fang t\u00f4i s\u1ebd ti\u1ebfn h\u00e0nh x\u1eed l\u00fd ho\u00e0n ti\u1ec1n trong v\u00f2ng <strong data-start=\"576\" data-end=\"597\">3\u20134 ng\u00e0y l\u00e0m vi\u1ec7c<\/strong> k\u1ec3 t\u1eeb th\u1eddi \u0111i\u1ec3m nh\u1eadn \u0111\u01b0\u1ee3c y\u00eau c\u1ea7u. Vui l\u00f2ng d\u00e0nh th\u1eddi gian \u0111\u1ec3 kho\u1ea3n ti\u1ec1n \u0111\u01b0\u1ee3c chuy\u1ec3n v\u1ec1 <strong data-start=\"686\" data-end=\"723\">c\u00f9ng t\u00e0i kho\u1ea3n ng\u00e2n h\u00e0ng Vi\u1ec7t Nam<\/strong> m\u00e0 b\u1ea1n \u0111\u00e3 s\u1eed d\u1ee5ng \u0111\u1ec3 thanh to\u00e1n ban \u0111\u1ea7u.<\/p><p data-start=\"766\" data-end=\"922\" data-is-last-node=\"\" data-is-only-node=\"\">N\u1ebfu b\u1ea1n c\u00f3 b\u1ea5t k\u1ef3 c\u00e2u h\u1ecfi ho\u1eb7c th\u1eafc m\u1eafc n\u00e0o li\u00ean quan \u0111\u1ebfn quy tr\u00ecnh ho\u00e0n ti\u1ec1n, xin \u0111\u1eebng ng\u1ea7n ng\u1ea1i li\u00ean h\u1ec7 v\u1edbi ch\u00fang t\u00f4i. Ch\u00fang t\u00f4i lu\u00f4n s\u1eb5n s\u00e0ng h\u1ed7 tr\u1ee3 b\u1ea1n.<\/p>\t\t\t\t\t\t\t\t<\/div>\n\t\t\t\t<div class=\"elementor-element elementor-element-27a0644 elementor-widget elementor-widget-text-editor\" data-id=\"27a0644\" data-element_type=\"widget\" data-e-type=\"widget\" data-widget_type=\"text-editor.default\">\n\t\t\t\t\t\t\t\t\t<h3 style=\"font-size: 30px;\" data-start=\"0\" data-end=\"24\">\u0110i\u1ec1u ki\u1ec7n ho\u00e0n ti\u1ec1n:<\/h3><p data-start=\"26\" data-end=\"95\">Y\u00eau c\u1ea7u ho\u00e0n ti\u1ec1n s\u1ebd ch\u1ec9 \u0111\u01b0\u1ee3c ch\u1ea5p nh\u1eadn trong c\u00e1c tr\u01b0\u1eddng h\u1ee3p sau:<\/p><h4 style=\"font-size: 20px;\" data-start=\"102\" data-end=\"141\">1. Th\u1eddi h\u1ea1n y\u00eau c\u1ea7u ho\u00e0n ti\u1ec1n:<\/h4><ul data-start=\"142\" data-end=\"291\"><li data-start=\"142\" data-end=\"229\"><p data-start=\"144\" data-end=\"229\">H\u1ecdc vi\u00ean ph\u1ea3i g\u1eedi y\u00eau c\u1ea7u ho\u00e0n ti\u1ec1n trong v\u00f2ng 48 gi\u1edd k\u1ec3 t\u1eeb th\u1eddi \u0111i\u1ec3m thanh to\u00e1n.<\/p><\/li><li data-start=\"230\" data-end=\"291\"><p data-start=\"232\" data-end=\"291\">C\u00e1c y\u00eau c\u1ea7u g\u1eedi sau th\u1eddi h\u1ea1n n\u00e0y s\u1ebd kh\u00f4ng \u0111\u01b0\u1ee3c xem x\u00e9t.<\/p><\/li><\/ul><h4 style=\"font-size: 20px;\" data-start=\"298\" data-end=\"349\">2. \u0110i\u1ec1u ki\u1ec7n ho\u00e0n ti\u1ec1n theo t\u1eebng kh\u00f3a h\u1ecdc:<\/h4><ul data-start=\"350\" data-end=\"600\"><li data-start=\"350\" data-end=\"448\"><p data-start=\"352\" data-end=\"448\">Kh\u00f3a h\u1ecdc T\u00e2m l\u00fd h\u1ecdc c\u01a1 b\u1ea3n: \u0110\u01b0\u1ee3c ho\u00e0n ti\u1ec1n n\u1ebfu y\u00eau c\u1ea7u \u0111\u01b0\u1ee3c g\u1eedi tr\u01b0\u1edbc khi b\u1eaft \u0111\u1ea7u B\u00e0i 4.<\/p><\/li><li data-start=\"449\" data-end=\"600\"><p data-start=\"451\" data-end=\"600\">L\u1edbp h\u1ecdc tr\u1ef1c ti\u1ebfp (Teaching Classes): \u0110\u01b0\u1ee3c ho\u00e0n ti\u1ec1n n\u1ebfu y\u00eau c\u1ea7u \u0111\u01b0\u1ee3c g\u1eedi trong v\u00f2ng 24 gi\u1edd sau khi tham d\u1ef1 bu\u1ed5i h\u1ecdc \u0111\u1ea7u ti\u00ean v\u1edbi gi\u1ea3ng vi\u00ean.<\/p><\/li><\/ul><h4 style=\"font-size: 20px;\" data-start=\"607\" data-end=\"639\">3. H\u00ecnh th\u1ee9c ho\u00e0n ti\u1ec1n:<\/h4><ul data-start=\"640\" data-end=\"788\"><li>\u0110\u0103ng nh\u1eadp v\u00e0o t\u00e0i kho\u1ea3n c\u1ee7a b\u1ea1n v\u00e0 \u0111i\u1ec1n v\u00e0o bi\u1ec3u m\u1eabu \u1edf cu\u1ed1i trang<\/li><li data-start=\"640\" data-end=\"705\"><p data-start=\"642\" data-end=\"705\">Ho\u00e0n ti\u1ec1n ch\u1ec9 \u0111\u01b0\u1ee3c chuy\u1ec3n v\u00e0o t\u00e0i kho\u1ea3n ng\u00e2n h\u00e0ng Vi\u1ec7t Nam.<\/p><\/li><li data-start=\"706\" data-end=\"788\"><p data-start=\"708\" data-end=\"788\">T\u00e0i kho\u1ea3n nh\u1eadn ho\u00e0n ti\u1ec1n ph\u1ea3i l\u00e0 t\u00e0i kho\u1ea3n \u0111\u00e3 s\u1eed d\u1ee5ng \u0111\u1ec3 thanh to\u00e1n ban \u0111\u1ea7u.<\/p><\/li><li data-start=\"706\" data-end=\"788\">Ng\u01b0\u1eddi d\u00f9ng c\u00f3 th\u1ec3 nh\u1eadn \u0111\u01b0\u1ee3c li\u00ean h\u1ec7 ho\u1eb7c cu\u1ed9c g\u1ecdi \u0111\u1ec3 x\u00e1c nh\u1eadn ho\u00e0n ti\u1ec1n<\/li><\/ul><h4 style=\"font-size: 20px;\" data-start=\"795\" data-end=\"820\">4. S\u1ed1 ti\u1ec1n ho\u00e0n:<\/h4><ul data-start=\"821\" data-end=\"1030\"><li data-start=\"821\" data-end=\"886\"><p data-start=\"823\" data-end=\"886\">S\u1ed1 ti\u1ec1n ho\u00e0n t\u01b0\u01a1ng \u0111\u01b0\u01a1ng v\u1edbi h\u1ecdc ph\u00ed \u0111\u00e3 thanh to\u00e1n ban \u0111\u1ea7u.<\/p><\/li><li data-start=\"887\" data-end=\"1030\"><p data-start=\"889\" data-end=\"1030\">C\u00e1c \u01b0u \u0111\u00e3i ho\u1eb7c m\u00e3 gi\u1ea3m gi\u00e1 (n\u1ebfu c\u00f3) \u0111\u01b0\u1ee3c t\u00ednh v\u00e0o t\u1ed5ng h\u1ecdc ph\u00ed ban \u0111\u1ea7u v\u00e0 s\u1ebd \u0111\u01b0\u1ee3c ho\u00e0n t\u01b0\u01a1ng \u1ee9ng theo gi\u00e1 tr\u1ecb th\u1ef1c t\u1ebf \u0111\u00e3 thanh to\u00e1n.<\/p><\/li><\/ul><h4 style=\"font-size: 20px;\" data-start=\"1037\" data-end=\"1085\">5. H\u00e0nh vi kh\u00f4ng \u0111\u00fang m\u1ef1c ho\u1eb7c g\u00e2y h\u1ea5n:<\/h4><ul data-start=\"1086\" data-end=\"1272\"><li data-start=\"1086\" data-end=\"1272\"><p data-start=\"1088\" data-end=\"1272\">Trong tr\u01b0\u1eddng h\u1ee3p h\u1ecdc vi\u00ean c\u00f3 h\u00e0nh vi g\u00e2y h\u1ea5n ho\u1eb7c vi ph\u1ea1m quy t\u1eafc \u1ee9ng x\u1eed v\u1edbi gi\u1ea3ng vi\u00ean, h\u1ecdc vi\u00ean c\u00f3 th\u1ec3 b\u1ecb lo\u1ea1i kh\u1ecfi kh\u00f3a h\u1ecdc. Kh\u00f4ng c\u00f3 ho\u00e0n ti\u1ec1n trong c\u00e1c tr\u01b0\u1eddng h\u1ee3p n\u00e0y.<\/p><\/li><\/ul><h4 style=\"font-size: 20px;\" data-start=\"1279\" data-end=\"1339\">6. S\u1ed1 bu\u1ed5i h\u1ecdc t\u1ed1i thi\u1ec3u \u0111\u1ec3 \u0111\u1ee7 \u0111i\u1ec1u ki\u1ec7n ho\u00e0n ti\u1ec1n:<\/h4><ul data-start=\"1340\" data-end=\"1487\"><li data-start=\"1340\" data-end=\"1406\"><p data-start=\"1342\" data-end=\"1406\">Ch\u1ec9 \u00e1p d\u1ee5ng ho\u00e0n ti\u1ec1n cho c\u00e1c kh\u00f3a h\u1ecdc c\u00f3 t\u1eeb 3 bu\u1ed5i tr\u1edf l\u00ean.<\/p><\/li><li data-start=\"1407\" data-end=\"1487\"><p data-start=\"1409\" data-end=\"1487\">C\u00e1c kh\u00f3a h\u1ecdc ch\u1ec9 c\u00f3 1 ho\u1eb7c 2 bu\u1ed5i h\u1ecdc s\u1ebd kh\u00f4ng \u0111\u1ee7 \u0111i\u1ec1u ki\u1ec7n ho\u00e0n ti\u1ec1n.<\/p><\/li><\/ul><p data-start=\"1494\" data-end=\"1816\">Ch\u00fang t\u00f4i lu\u00f4n n\u1ed7 l\u1ef1c \u0111\u1ec3 \u0111\u1ea3m b\u1ea3o t\u1ea5t c\u1ea3 h\u1ecdc vi\u00ean c\u00f3 tr\u1ea3i nghi\u1ec7m h\u1ecdc t\u1eadp t\u00edch c\u1ef1c. N\u1ebfu b\u1ea1n c\u00f3 b\u1ea5t k\u1ef3 c\u00e2u h\u1ecfi ho\u1eb7c th\u1eafc m\u1eafc n\u00e0o li\u00ean quan \u0111\u1ebfn kh\u00f3a h\u1ecdc ho\u1eb7c \u0111i\u1ec1u ki\u1ec7n ho\u00e0n ti\u1ec1n, xin vui l\u00f2ng li\u00ean h\u1ec7 v\u1edbi ch\u00fang t\u00f4i. Ch\u00fang t\u00f4i lu\u00f4n s\u1eb5n s\u00e0ng h\u1ed7 tr\u1ee3 v\u00e0 mong mu\u1ed1n b\u1ea1n h\u00e0i l\u00f2ng trong h\u00e0nh tr\u00ecnh h\u1ecdc t\u1eadp t\u1ea1i Psychologist Vietnam.<\/p><h5 data-start=\"1818\" data-end=\"1868\">C\u1ea3m \u01a1n b\u1ea1n \u0111\u00e3 tin t\u01b0\u1edfng v\u00e0 l\u1ef1a ch\u1ecdn ch\u00fang t\u00f4i!<\/h5>\t\t\t\t\t\t\t\t<\/div>\n\t\t\t\t<\/div>\n\t\t\t\t\t<\/div>\n\t\t\t\t<\/div>\n\t\t\t\t<\/div>\n\t\t","protected":false},"excerpt":{"rendered":"<p>Ch\u00ednh s\u00e1ch ho\u00e0n ti\u1ec1n T\u1ea1i Psychologist Vietnam, ch\u00fang t\u00f4i cam k\u1ebft cung c\u1ea5p c\u00e1c kh\u00f3a h\u1ecdc t\u00e2m l\u00fd ch\u1ea5t l\u01b0\u1ee3ng cao nh\u1eb1m h\u1ed7 tr\u1ee3 s\u1ef1 ph\u00e1t tri\u1ec3n c\u00e1 nh\u00e2n v\u00e0 ngh\u1ec1 nghi\u1ec7p c\u1ee7a b\u1ea1n. Ch\u00fang t\u00f4i tin t\u01b0\u1edfng v\u00e0o ch\u1ea5t l\u01b0\u1ee3ng d\u1ecbch v\u1ee5 c\u1ee7a m\u00ecnh v\u00e0 lu\u00f4n n\u1ed7 l\u1ef1c mang \u0111\u1ebfn tr\u1ea3i nghi\u1ec7m h\u1ecdc t\u1eadp<a href=\"https:\/\/bridge-academy.vn\/vi\/chinh-sach-hoan-tien\/\" class=\"more-link\"><span class=\"screen-reader-text\">Refund Policy<\/span><\/a><\/p>\n","protected":false},"author":1,"featured_media":0,"parent":0,"menu_order":0,"comment_status":"closed","ping_status":"closed","template":"elementor_header_footer","meta":{"footnotes":""},"class_list":["post-17135","page","type-page","status-publish","hentry"],"_links":{"self":[{"href":"https:\/\/bridge-academy.vn\/vi\/wp-json\/wp\/v2\/pages\/17135","targetHints":{"allow":["GET"]}}],"collection":[{"href":"https:\/\/bridge-academy.vn\/vi\/wp-json\/wp\/v2\/pages"}],"about":[{"href":"https:\/\/bridge-academy.vn\/vi\/wp-json\/wp\/v2\/types\/page"}],"author":[{"embeddable":true,"href":"https:\/\/bridge-academy.vn\/vi\/wp-json\/wp\/v2\/users\/1"}],"replies":[{"embeddable":true,"href":"https:\/\/bridge-academy.vn\/vi\/wp-json\/wp\/v2\/comments?post=17135"}],"version-history":[{"count":22,"href":"https:\/\/bridge-academy.vn\/vi\/wp-json\/wp\/v2\/pages\/17135\/revisions"}],"predecessor-version":[{"id":23769,"href":"https:\/\/bridge-academy.vn\/vi\/wp-json\/wp\/v2\/pages\/17135\/revisions\/23769"}],"wp:attachment":[{"href":"https:\/\/bridge-academy.vn\/vi\/wp-json\/wp\/v2\/media?parent=17135"}],"curies":[{"name":"wp","href":"https:\/\/api.w.org\/{rel}","templated":true}]}}